{"id":101,"date":"2020-11-06T17:03:18","date_gmt":"2020-11-06T16:03:18","guid":{"rendered":"https:\/\/osteo-meyrin.ch\/?page_id=101"},"modified":"2021-02-28T13:30:01","modified_gmt":"2021-02-28T12:30:01","slug":"practice","status":"publish","type":"page","link":"https:\/\/osteo-meyrin.ch\/en\/practice\/","title":{"rendered":"Practice"},"content":{"rendered":"<p>[et_pb_section fb_built=\u00a0\u00bb1&Prime; _builder_version=\u00a0\u00bb4.7.0&Prime; _module_preset=\u00a0\u00bbdefault\u00a0\u00bb custom_padding=\u00a0\u00bb||0px||false|false\u00a0\u00bb][et_pb_row _builder_version=\u00a0\u00bb4.7.0&Prime; _module_preset=\u00a0\u00bbdefault\u00a0\u00bb custom_margin=\u00a0\u00bb0px|0px|0px|0px|true|true\u00a0\u00bb custom_padding=\u00a0\u00bb0px|0px|0px|0px|true|true\u00a0\u00bb][et_pb_column type=\u00a0\u00bb4_4&Prime; _builder_version=\u00a0\u00bb4.7.0&Prime; _module_preset=\u00a0\u00bbdefault\u00a0\u00bb][et_pb_text _builder_version=\u00a0\u00bb4.7.1&Prime; _module_preset=\u00a0\u00bbdefault\u00a0\u00bb text_font=\u00a0\u00bb||||||||\u00a0\u00bb text_letter_spacing=\u00a0\u00bb5px\u00a0\u00bb header_text_align=\u00a0\u00bbcenter\u00a0\u00bb header_2_font=\u00a0\u00bb|600|||||||\u00a0\u00bb header_2_text_align=\u00a0\u00bbcenter\u00a0\u00bb header_2_text_color=\u00a0\u00bb#ffffff\u00a0\u00bb header_2_font_size=\u00a0\u00bb3vh\u00a0\u00bb background_color=\u00a0\u00bb#ea9823&Prime; width=\u00a0\u00bb100%\u00a0\u00bb max_width=\u00a0\u00bb40%\u00a0\u00bb max_width_tablet=\u00a0\u00bb80%\u00a0\u00bb max_width_phone=\u00a0\u00bb100%\u00a0\u00bb max_width_last_edited=\u00a0\u00bbon|desktop\u00a0\u00bb custom_margin=\u00a0\u00bb0px|0px|0px|0px|true|true\u00a0\u00bb custom_padding=\u00a0\u00bb30px|20px|30px|20px|true|true\u00a0\u00bb]<\/p>\n<h2 class=\"font_0\"><span class=\"color_11\"><span>CINDY SCH\u00c4R<\/span><\/span><\/h2>\n<p>[\/et_pb_text][\/et_pb_column][\/et_pb_row][\/et_pb_section][et_pb_section fb_built=\u00a0\u00bb1&Prime; inner_shadow=\u00a0\u00bbon\u00a0\u00bb _builder_version=\u00a0\u00bb4.7.1&Prime; _module_preset=\u00a0\u00bbdefault\u00a0\u00bb background_color=\u00a0\u00bb#D9D7CB\u00a0\u00bb custom_margin=\u00a0\u00bb||100px||false|false\u00a0\u00bb][et_pb_row column_structure=\u00a0\u00bb1_2,1_2&Prime; _builder_version=\u00a0\u00bb4.7.1&Prime; _module_preset=\u00a0\u00bbdefault\u00a0\u00bb max_width=\u00a0\u00bb1389px\u00a0\u00bb custom_margin=\u00a0\u00bb||-110px||false|false\u00a0\u00bb custom_margin_tablet=\u00a0\u00bb||0px||false|false\u00a0\u00bb custom_margin_phone=\u00a0\u00bb\u00a0\u00bb custom_margin_last_edited=\u00a0\u00bbon|desktop\u00a0\u00bb][et_pb_column type=\u00a0\u00bb1_2&Prime; _builder_version=\u00a0\u00bb4.7.0&Prime; _module_preset=\u00a0\u00bbdefault\u00a0\u00bb][et_pb_text _builder_version=\u00a0\u00bb4.9.0&Prime; _module_preset=\u00a0\u00bbdefault\u00a0\u00bb text_font=\u00a0\u00bb||||||||\u00a0\u00bb text_font_size=\u00a0\u00bb18px\u00a0\u00bb header_2_font=\u00a0\u00bb||||||||\u00a0\u00bb header_2_letter_spacing=\u00a0\u00bb4px\u00a0\u00bb hover_enabled=\u00a0\u00bb0&Prime; sticky_enabled=\u00a0\u00bb0&Prime;]<\/p>\n<p><span style=\"font-size: 18px; color: #666666;\">Cindy Sch\u00e4r is from Meyrin (Geneva), where she spent most of her life.<\/span><\/p>\n<p>She has always been interested in helping and understanding the human body and she approaches alternative therapies through her various training in reflexology, Thai and classical massages, yoga and bodyART\u00ae.<\/p>\n<p>After completing an academic course (Bachelor of Arts), she decided to start studying osteopathy at the Swiss School of Osteopathy in Belmont-sur-Lausanne<\/p>\n<p>During the five years of training, she marvelled at the complexity of the body and the sometimes fragile balance that it has. She has learnt to tame the body, to go at its own pace and with respect.<\/p>\n<p>During the three years of internship after graduating with a Diploma, she joined various practices throughout the French speaking part of Switzerland which allowed her to acquire a rich and varied experience.<\/p>\n<p>Armed with this, she decided in 2018 to open her own practice in a multidisciplinary arcade.<\/p>\n<p>She will be available at the office, during the stated hours and can be consulted in:<\/p>\n<div id=\"flags\"><img src=\"\/wp-content\/uploads\/2020\/11\/france.png\" alt=\"French flag\" \/><br \/> <img src=\"\/wp-content\/uploads\/2020\/11\/germany.png\" alt=\"German flag\" \/><br \/> <img src=\"\/wp-content\/uploads\/2020\/11\/switzerland.png\" alt=\"Suiss flag\" \/><br \/> <img src=\"\/wp-content\/uploads\/2020\/11\/united-kingdom.png\" alt=\"UK flag\" \/><br \/> <img src=\"\/wp-content\/uploads\/2020\/11\/italy.png\" alt=\"Italian flag\" \/><br \/> <img src=\"\/wp-content\/uploads\/2020\/11\/spain.png\" alt=\"Spanish flag\" \/><br \/> <img src=\"\/wp-content\/uploads\/2020\/11\/china.png\" alt=\"Chinese flag\" \/><\/div>\n<p>&nbsp;<\/p>\n<p>[\/et_pb_text][\/et_pb_column][et_pb_column type=\u00a0\u00bb1_2&Prime; _builder_version=\u00a0\u00bb4.7.0&Prime; _module_preset=\u00a0\u00bbdefault\u00a0\u00bb][et_pb_image src=\u00a0\u00bbhttps:\/\/osteo-meyrin.ch\/wp-content\/uploads\/2020\/11\/portrait_cindy-682&#215;1024.jpg\u00a0\u00bb title_text=\u00a0\u00bbportrait_cindy\u00a0\u00bb align=\u00a0\u00bbright\u00a0\u00bb align_tablet=\u00a0\u00bbcenter\u00a0\u00bb align_phone=\u00a0\u00bb\u00a0\u00bb align_last_edited=\u00a0\u00bbon|desktop\u00a0\u00bb _builder_version=\u00a0\u00bb4.7.1&Prime; _module_preset=\u00a0\u00bbdefault\u00a0\u00bb transform_scale_tablet=\u00a0\u00bb\u00a0\u00bb transform_scale_phone=\u00a0\u00bb\u00a0\u00bb transform_scale_last_edited=\u00a0\u00bbon|phone\u00a0\u00bb transform_translate=\u00a0\u00bb0px|-147px\u00a0\u00bb transform_translate_tablet=\u00a0\u00bb0px|0px\u00a0\u00bb transform_translate_phone=\u00a0\u00bb0px|0px\u00a0\u00bb transform_translate_last_edited=\u00a0\u00bbon|tablet\u00a0\u00bb transform_translate_linked_tablet=\u00a0\u00bboff\u00a0\u00bb transform_translate_linked_phone=\u00a0\u00bboff\u00a0\u00bb transform_rotate_tablet=\u00a0\u00bb\u00a0\u00bb transform_rotate_phone=\u00a0\u00bb\u00a0\u00bb transform_rotate_last_edited=\u00a0\u00bbon|phone\u00a0\u00bb transform_skew_tablet=\u00a0\u00bb\u00a0\u00bb transform_skew_phone=\u00a0\u00bb\u00a0\u00bb transform_skew_last_edited=\u00a0\u00bbon|phone\u00a0\u00bb transform_origin_tablet=\u00a0\u00bb\u00a0\u00bb transform_origin_phone=\u00a0\u00bb\u00a0\u00bb transform_origin_last_edited=\u00a0\u00bbon|phone\u00a0\u00bb transform_styles_last_edited=\u00a0\u00bbon|tablet\u00a0\u00bb width=\u00a0\u00bb70%\u00a0\u00bb transform_styles_tablet=\u00a0\u00bb\u00a0\u00bb transform_styles_phone=\u00a0\u00bb\u00a0\u00bb][\/et_pb_image][\/et_pb_column][\/et_pb_row][\/et_pb_section][et_pb_section fb_built=\u00a0\u00bb1&Prime; _builder_version=\u00a0\u00bb4.7.0&Prime; _module_preset=\u00a0\u00bbdefault\u00a0\u00bb custom_padding=\u00a0\u00bb||0px||false|false\u00a0\u00bb][et_pb_row _builder_version=\u00a0\u00bb4.7.0&Prime; _module_preset=\u00a0\u00bbdefault\u00a0\u00bb custom_margin=\u00a0\u00bb0px|0px|0px|0px|true|true\u00a0\u00bb custom_padding=\u00a0\u00bb0px|0px|0px|0px|true|true\u00a0\u00bb][et_pb_column type=\u00a0\u00bb4_4&Prime; _builder_version=\u00a0\u00bb4.7.0&Prime; _module_preset=\u00a0\u00bbdefault\u00a0\u00bb][et_pb_text _builder_version=\u00a0\u00bb4.7.1&Prime; _module_preset=\u00a0\u00bbdefault\u00a0\u00bb text_font=\u00a0\u00bb||||||||\u00a0\u00bb text_letter_spacing=\u00a0\u00bb5px\u00a0\u00bb header_text_align=\u00a0\u00bbcenter\u00a0\u00bb header_2_font=\u00a0\u00bb|600|||||||\u00a0\u00bb header_2_text_align=\u00a0\u00bbcenter\u00a0\u00bb header_2_text_color=\u00a0\u00bb#ffffff\u00a0\u00bb header_2_font_size=\u00a0\u00bb3vh\u00a0\u00bb background_color=\u00a0\u00bb#ea9823&Prime; width=\u00a0\u00bb100%\u00a0\u00bb max_width=\u00a0\u00bb40%\u00a0\u00bb max_width_tablet=\u00a0\u00bb80%\u00a0\u00bb max_width_phone=\u00a0\u00bb100%\u00a0\u00bb max_width_last_edited=\u00a0\u00bbon|desktop\u00a0\u00bb custom_margin=\u00a0\u00bb0px|0px|0px|0px|true|true\u00a0\u00bb custom_padding=\u00a0\u00bb30px|20px|30px|20px|true|true\u00a0\u00bb]<\/p>\n<h2 class=\"font_0\"><span class=\"color_11\"><span>PRACTICE<\/span><\/span><\/h2>\n<p>[\/et_pb_text][\/et_pb_column][\/et_pb_row][\/et_pb_section][et_pb_section fb_built=\u00a0\u00bb1&Prime; _builder_version=\u00a0\u00bb4.7.1&Prime; _module_preset=\u00a0\u00bbdefault\u00a0\u00bb max_width=\u00a0\u00bb2000px\u00a0\u00bb module_alignment=\u00a0\u00bbcenter\u00a0\u00bb custom_padding=\u00a0\u00bb0px||||false|false\u00a0\u00bb][et_pb_row column_structure=\u00a0\u00bb1_2,1_2&Prime; use_custom_gutter=\u00a0\u00bbon\u00a0\u00bb gutter_width=\u00a0\u00bb1&Prime; make_equal=\u00a0\u00bbon\u00a0\u00bb _builder_version=\u00a0\u00bb4.7.1&Prime; _module_preset=\u00a0\u00bbdefault\u00a0\u00bb width=\u00a0\u00bb100%\u00a0\u00bb max_width=\u00a0\u00bb2560px\u00a0\u00bb custom_padding=\u00a0\u00bb0px||10px||false|false\u00a0\u00bb][et_pb_column type=\u00a0\u00bb1_2&Prime; _builder_version=\u00a0\u00bb4.7.1&Prime; _module_preset=\u00a0\u00bbdefault\u00a0\u00bb][et_pb_image src=\u00a0\u00bbhttps:\/\/osteo-meyrin.ch\/wp-content\/uploads\/2020\/11\/cabinet_2.jpg\u00a0\u00bb title_text=\u00a0\u00bbcabinet_2&Prime; _builder_version=\u00a0\u00bb4.7.1&Prime; _module_preset=\u00a0\u00bbdefault\u00a0\u00bb custom_padding=\u00a0\u00bb|5px||0px|false|false\u00a0\u00bb][\/et_pb_image][\/et_pb_column][et_pb_column type=\u00a0\u00bb1_2&Prime; _builder_version=\u00a0\u00bb4.7.1&Prime; _module_preset=\u00a0\u00bbdefault\u00a0\u00bb][et_pb_image src=\u00a0\u00bbhttps:\/\/osteo-meyrin.ch\/wp-content\/uploads\/2020\/11\/cabinet_4.jpg\u00a0\u00bb title_text=\u00a0\u00bbcabinet_4&Prime; _builder_version=\u00a0\u00bb4.7.1&Prime; _module_preset=\u00a0\u00bbdefault\u00a0\u00bb custom_padding=\u00a0\u00bb|||5px|false|false\u00a0\u00bb][\/et_pb_image][\/et_pb_column][\/et_pb_row][et_pb_row use_custom_gutter=\u00a0\u00bbon\u00a0\u00bb gutter_width=\u00a0\u00bb1&Prime; _builder_version=\u00a0\u00bb4.7.1&Prime; _module_preset=\u00a0\u00bbdefault\u00a0\u00bb width=\u00a0\u00bb100%\u00a0\u00bb max_width=\u00a0\u00bb2000px\u00a0\u00bb custom_padding=\u00a0\u00bb0px||||false|false\u00a0\u00bb][et_pb_column type=\u00a0\u00bb4_4&Prime; _builder_version=\u00a0\u00bb4.7.1&Prime; _module_preset=\u00a0\u00bbdefault\u00a0\u00bb][et_pb_image src=\u00a0\u00bbhttps:\/\/osteo-meyrin.ch\/wp-content\/uploads\/2020\/11\/grid-1.png\u00a0\u00bb title_text=\u00a0\u00bbgrid (1)\u00a0\u00bb _builder_version=\u00a0\u00bb4.7.1&Prime; _module_preset=\u00a0\u00bbdefault\u00a0\u00bb][\/et_pb_image][\/et_pb_column][\/et_pb_row][\/et_pb_section][et_pb_section fb_built=\u00a0\u00bb1&Prime; _builder_version=\u00a0\u00bb4.7.0&Prime; _module_preset=\u00a0\u00bbdefault\u00a0\u00bb custom_padding=\u00a0\u00bb||0px||false|false\u00a0\u00bb][et_pb_row _builder_version=\u00a0\u00bb4.7.0&Prime; _module_preset=\u00a0\u00bbdefault\u00a0\u00bb custom_margin=\u00a0\u00bb0px|0px|0px|0px|true|true\u00a0\u00bb custom_padding=\u00a0\u00bb0px|0px|0px|0px|true|true\u00a0\u00bb][et_pb_column type=\u00a0\u00bb4_4&Prime; _builder_version=\u00a0\u00bb4.7.0&Prime; _module_preset=\u00a0\u00bbdefault\u00a0\u00bb][et_pb_text _builder_version=\u00a0\u00bb4.7.1&Prime; _module_preset=\u00a0\u00bbdefault\u00a0\u00bb text_font=\u00a0\u00bb||||||||\u00a0\u00bb text_letter_spacing=\u00a0\u00bb5px\u00a0\u00bb header_text_align=\u00a0\u00bbcenter\u00a0\u00bb header_2_font=\u00a0\u00bb|600|||||||\u00a0\u00bb header_2_text_align=\u00a0\u00bbcenter\u00a0\u00bb header_2_text_color=\u00a0\u00bb#ffffff\u00a0\u00bb header_2_font_size=\u00a0\u00bb3vh\u00a0\u00bb background_color=\u00a0\u00bb#ea9823&Prime; width=\u00a0\u00bb100%\u00a0\u00bb max_width=\u00a0\u00bb40%\u00a0\u00bb max_width_tablet=\u00a0\u00bb80%\u00a0\u00bb max_width_phone=\u00a0\u00bb100%\u00a0\u00bb max_width_last_edited=\u00a0\u00bbon|desktop\u00a0\u00bb custom_margin=\u00a0\u00bb0px|0px|0px|0px|true|true\u00a0\u00bb custom_padding=\u00a0\u00bb30px|20px|30px|20px|true|true\u00a0\u00bb]<\/p>\n<h2 class=\"font_0\"><span class=\"color_11\"><span>CONSULTATION<\/span><\/span><\/h2>\n<p>[\/et_pb_text][\/et_pb_column][\/et_pb_row][\/et_pb_section][et_pb_section fb_built=\u00a0\u00bb1&Prime; _builder_version=\u00a0\u00bb4.7.1&Prime; _module_preset=\u00a0\u00bbdefault\u00a0\u00bb background_color=\u00a0\u00bb#ea9012&Prime; custom_margin=\u00a0\u00bb||100px||false|false\u00a0\u00bb][et_pb_row _builder_version=\u00a0\u00bb4.7.1&Prime; _module_preset=\u00a0\u00bbdefault\u00a0\u00bb][et_pb_column type=\u00a0\u00bb4_4&Prime; _builder_version=\u00a0\u00bb4.7.1&Prime; _module_preset=\u00a0\u00bbdefault\u00a0\u00bb][et_pb_text _builder_version=\u00a0\u00bb4.7.1&Prime; _module_preset=\u00a0\u00bbdefault\u00a0\u00bb text_text_color=\u00a0\u00bb#ffffff\u00a0\u00bb text_font_size=\u00a0\u00bb18px\u00a0\u00bb text_orientation=\u00a0\u00bbcenter\u00a0\u00bb]<\/p>\n<p>Each consultation is unique!<\/p>\n<p>During the first consultation, the therapist will collect the necessary information. By looking into the history, by observation, palpation and various tests, the axis of treatment can be oriented in order to identify if possible, the cause of functional disorder. This detailed investigation aims above all to detect possible contraindications that may lead the osteopath to exclude osteopathic treatment and instead to redirect the patient to a medical specialist.<\/p>\n<p>In order to observe the asymmetries, the skin and the compensations, you are required to be in your underwear at all times whilst either standing, sitting or lying down.<\/p>\n<p>The goal of the treatment is to normalize the tissues within which the therapist has diagnosed \u201costeopathic lesions\u201d i.e. changes in the mobility between the tissues that may result in loss or decrease of organ function, a joint and translated in the short or medium term, by local or remote pain.<\/p>\n<p>[\/et_pb_text][et_pb_button button_text=\u00a0\u00bbTarifs\u00a0\u00bb button_alignment=\u00a0\u00bbcenter\u00a0\u00bb _builder_version=\u00a0\u00bb4.9.0&Prime; _module_preset=\u00a0\u00bbdefault\u00a0\u00bb custom_button=\u00a0\u00bbon\u00a0\u00bb button_border_width=\u00a0\u00bb0px\u00a0\u00bb button_letter_spacing=\u00a0\u00bb4px\u00a0\u00bb button_font=\u00a0\u00bb|600|||||||\u00a0\u00bb background_layout=\u00a0\u00bbdark\u00a0\u00bb hover_enabled=\u00a0\u00bb0&Prime; button_url=\u00a0\u00bb@ET-DC@eyJkeW5hbWljIjp0cnVlLCJjb250ZW50IjoicG9zdF9saW5rX3VybF9wYWdlIiwic2V0dGluZ3MiOnsicG9zdF9pZCI6IjEwNSJ9fQ==@\u00a0\u00bb _dynamic_attributes=\u00a0\u00bbbutton_url\u00a0\u00bb sticky_enabled=\u00a0\u00bb0&Prime;][\/et_pb_button][\/et_pb_column][\/et_pb_row][\/et_pb_section]<\/p>","protected":false},"excerpt":{"rendered":"<p>CINDY SCH\u00c4RCindy Sch\u00e4r est originaire de Meyrin (Gen\u00e8ve), o\u00f9 elle a pass\u00e9 la plus grande partie de sa vie. Depuis toujours int\u00e9ress\u00e9e \u00e0 aider et comprendre le corps humain, elle s\u2019approche des th\u00e9rapies alternatives par diverses formations\u00a0: r\u00e9flexologies, massages tha\u00eflandais et classique, yoga, bodyART\u00ae. Apr\u00e8s avoir achev\u00e9 un parcours acad\u00e9mique (Licence en Lettres), elle d\u00e9cide [&hellip;]<\/p>","protected":false},"author":1,"featured_media":0,"parent":0,"menu_order":0,"comment_status":"closed","ping_status":"closed","template":"","meta":{"_et_pb_use_builder":"on","_et_pb_old_content":"","_et_gb_content_width":""},"yoast_head":"<!-- This site is optimized with the Yoast SEO plugin v17.0 - https:\/\/yoast.com\/wordpress\/plugins\/seo\/ -->\n<title>Practice - Ost\u00e9opathie Vergers<\/title>\n<meta name=\"robots\" content=\"index, follow, max-snippet:-1, max-image-preview:large, max-video-preview:-1\" \/>\n<link rel=\"canonical\" href=\"https:\/\/osteo-meyrin.ch\/en\/practice\/\" \/>\n<meta property=\"og:locale\" content=\"en_GB\" \/>\n<meta property=\"og:type\" content=\"article\" \/>\n<meta property=\"og:title\" content=\"Practice - Ost\u00e9opathie Vergers\" \/>\n<meta property=\"og:description\" content=\"CINDY SCH\u00c4RCindy Sch\u00e4r est originaire de Meyrin (Gen\u00e8ve), o\u00f9 elle a pass\u00e9 la plus grande partie de sa vie. Depuis toujours int\u00e9ress\u00e9e \u00e0 aider et comprendre le corps humain, elle s\u2019approche des th\u00e9rapies alternatives par diverses formations\u00a0: r\u00e9flexologies, massages tha\u00eflandais et classique, yoga, bodyART\u00ae. Apr\u00e8s avoir achev\u00e9 un parcours acad\u00e9mique (Licence en Lettres), elle d\u00e9cide [&hellip;]\" \/>\n<meta property=\"og:url\" content=\"https:\/\/osteo-meyrin.ch\/en\/practice\/\" \/>\n<meta property=\"og:site_name\" content=\"Ost\u00e9opathie Vergers\" \/>\n<meta property=\"article:modified_time\" content=\"2021-02-28T12:30:01+00:00\" \/>\n<meta property=\"og:image\" content=\"https:\/\/osteo-meyrin.ch\/wp-content\/uploads\/2020\/11\/france.png\" \/>\n<meta name=\"twitter:card\" content=\"summary_large_image\" \/>\n<meta name=\"twitter:label1\" content=\"Estimated reading time\" \/>\n\t<meta name=\"twitter:data1\" content=\"7 minutes\" \/>\n<script type=\"application\/ld+json\" class=\"yoast-schema-graph\">{\"@context\":\"https:\/\/schema.org\",\"@graph\":[{\"@type\":\"WebSite\",\"@id\":\"https:\/\/osteo-meyrin.ch\/#website\",\"url\":\"https:\/\/osteo-meyrin.ch\/\",\"name\":\"Ost\\u00e9opathie Vergers\",\"description\":\"Cindy Sch\\u00e4r\",\"potentialAction\":[{\"@type\":\"SearchAction\",\"target\":{\"@type\":\"EntryPoint\",\"urlTemplate\":\"https:\/\/osteo-meyrin.ch\/?s={search_term_string}\"},\"query-input\":\"required name=search_term_string\"}],\"inLanguage\":\"en-GB\"},{\"@type\":\"ImageObject\",\"@id\":\"https:\/\/osteo-meyrin.ch\/practice\/#primaryimage\",\"inLanguage\":\"en-GB\",\"url\":\"\/wp-content\/uploads\/2020\/11\/france.png\",\"contentUrl\":\"\/wp-content\/uploads\/2020\/11\/france.png\"},{\"@type\":\"WebPage\",\"@id\":\"https:\/\/osteo-meyrin.ch\/practice\/#webpage\",\"url\":\"https:\/\/osteo-meyrin.ch\/practice\/\",\"name\":\"Practice - Ost\\u00e9opathie Vergers\",\"isPartOf\":{\"@id\":\"https:\/\/osteo-meyrin.ch\/#website\"},\"primaryImageOfPage\":{\"@id\":\"https:\/\/osteo-meyrin.ch\/practice\/#primaryimage\"},\"datePublished\":\"2020-11-06T16:03:18+00:00\",\"dateModified\":\"2021-02-28T12:30:01+00:00\",\"breadcrumb\":{\"@id\":\"https:\/\/osteo-meyrin.ch\/practice\/#breadcrumb\"},\"inLanguage\":\"en-GB\",\"potentialAction\":[{\"@type\":\"ReadAction\",\"target\":[\"https:\/\/osteo-meyrin.ch\/practice\/\"]}]},{\"@type\":\"BreadcrumbList\",\"@id\":\"https:\/\/osteo-meyrin.ch\/practice\/#breadcrumb\",\"itemListElement\":[{\"@type\":\"ListItem\",\"position\":1,\"name\":\"Home\",\"item\":\"https:\/\/osteo-meyrin.ch\/\"},{\"@type\":\"ListItem\",\"position\":2,\"name\":\"Practice\"}]}]}<\/script>\n<!-- \/ Yoast SEO plugin. -->","yoast_head_json":{"title":"Practice - Ost\u00e9opathie Vergers","robots":{"index":"index","follow":"follow","max-snippet":"max-snippet:-1","max-image-preview":"max-image-preview:large","max-video-preview":"max-video-preview:-1"},"canonical":"https:\/\/osteo-meyrin.ch\/en\/practice\/","og_locale":"en_GB","og_type":"article","og_title":"Practice - Ost\u00e9opathie Vergers","og_description":"CINDY SCH\u00c4RCindy Sch\u00e4r est originaire de Meyrin (Gen\u00e8ve), o\u00f9 elle a pass\u00e9 la plus grande partie de sa vie. Depuis toujours int\u00e9ress\u00e9e \u00e0 aider et comprendre le corps humain, elle s\u2019approche des th\u00e9rapies alternatives par diverses formations\u00a0: r\u00e9flexologies, massages tha\u00eflandais et classique, yoga, bodyART\u00ae. Apr\u00e8s avoir achev\u00e9 un parcours acad\u00e9mique (Licence en Lettres), elle d\u00e9cide [&hellip;]","og_url":"https:\/\/osteo-meyrin.ch\/en\/practice\/","og_site_name":"Ost\u00e9opathie Vergers","article_modified_time":"2021-02-28T12:30:01+00:00","og_image":[{"url":"https:\/\/osteo-meyrin.ch\/wp-content\/uploads\/2020\/11\/france.png"}],"twitter_card":"summary_large_image","twitter_misc":{"Estimated reading time":"7 minutes"},"schema":{"@context":"https:\/\/schema.org","@graph":[{"@type":"WebSite","@id":"https:\/\/osteo-meyrin.ch\/#website","url":"https:\/\/osteo-meyrin.ch\/","name":"Ost\u00e9opathie Vergers","description":"Cindy Sch\u00e4r","potentialAction":[{"@type":"SearchAction","target":{"@type":"EntryPoint","urlTemplate":"https:\/\/osteo-meyrin.ch\/?s={search_term_string}"},"query-input":"required name=search_term_string"}],"inLanguage":"en-GB"},{"@type":"ImageObject","@id":"https:\/\/osteo-meyrin.ch\/practice\/#primaryimage","inLanguage":"en-GB","url":"\/wp-content\/uploads\/2020\/11\/france.png","contentUrl":"\/wp-content\/uploads\/2020\/11\/france.png"},{"@type":"WebPage","@id":"https:\/\/osteo-meyrin.ch\/practice\/#webpage","url":"https:\/\/osteo-meyrin.ch\/practice\/","name":"Practice - Ost\u00e9opathie Vergers","isPartOf":{"@id":"https:\/\/osteo-meyrin.ch\/#website"},"primaryImageOfPage":{"@id":"https:\/\/osteo-meyrin.ch\/practice\/#primaryimage"},"datePublished":"2020-11-06T16:03:18+00:00","dateModified":"2021-02-28T12:30:01+00:00","breadcrumb":{"@id":"https:\/\/osteo-meyrin.ch\/practice\/#breadcrumb"},"inLanguage":"en-GB","potentialAction":[{"@type":"ReadAction","target":["https:\/\/osteo-meyrin.ch\/practice\/"]}]},{"@type":"BreadcrumbList","@id":"https:\/\/osteo-meyrin.ch\/practice\/#breadcrumb","itemListElement":[{"@type":"ListItem","position":1,"name":"Home","item":"https:\/\/osteo-meyrin.ch\/"},{"@type":"ListItem","position":2,"name":"Practice"}]}]}},"_links":{"self":[{"href":"https:\/\/osteo-meyrin.ch\/en\/wp-json\/wp\/v2\/pages\/101"}],"collection":[{"href":"https:\/\/osteo-meyrin.ch\/en\/wp-json\/wp\/v2\/pages"}],"about":[{"href":"https:\/\/osteo-meyrin.ch\/en\/wp-json\/wp\/v2\/types\/page"}],"author":[{"embeddable":true,"href":"https:\/\/osteo-meyrin.ch\/en\/wp-json\/wp\/v2\/users\/1"}],"replies":[{"embeddable":true,"href":"https:\/\/osteo-meyrin.ch\/en\/wp-json\/wp\/v2\/comments?post=101"}],"version-history":[{"count":22,"href":"https:\/\/osteo-meyrin.ch\/en\/wp-json\/wp\/v2\/pages\/101\/revisions"}],"predecessor-version":[{"id":756,"href":"https:\/\/osteo-meyrin.ch\/en\/wp-json\/wp\/v2\/pages\/101\/revisions\/756"}],"wp:attachment":[{"href":"https:\/\/osteo-meyrin.ch\/en\/wp-json\/wp\/v2\/media?parent=101"}],"curies":[{"name":"wp","href":"https:\/\/api.w.org\/{rel}","templated":true}]}}