{"id":105,"date":"2020-11-06T17:04:15","date_gmt":"2020-11-06T16:04:15","guid":{"rendered":"https:\/\/osteo-meyrin.ch\/?page_id=105"},"modified":"2022-02-10T11:36:03","modified_gmt":"2022-02-10T10:36:03","slug":"rates","status":"publish","type":"page","link":"https:\/\/osteo-meyrin.ch\/en\/rates\/","title":{"rendered":"Rates"},"content":{"rendered":"<p>[et_pb_section fb_built=\u00a0\u00bb1&Prime; _builder_version=\u00a0\u00bb4.7.0&Prime; _module_preset=\u00a0\u00bbdefault\u00a0\u00bb custom_padding=\u00a0\u00bb||0px||false|false\u00a0\u00bb global_colors_info=\u00a0\u00bb{}\u00a0\u00bb][et_pb_row _builder_version=\u00a0\u00bb4.7.0&Prime; _module_preset=\u00a0\u00bbdefault\u00a0\u00bb custom_margin=\u00a0\u00bb0px|0px|0px|0px|true|true\u00a0\u00bb custom_padding=\u00a0\u00bb0px|0px|0px|0px|true|true\u00a0\u00bb global_colors_info=\u00a0\u00bb{}\u00a0\u00bb][et_pb_column type=\u00a0\u00bb4_4&Prime; _builder_version=\u00a0\u00bb4.7.0&Prime; _module_preset=\u00a0\u00bbdefault\u00a0\u00bb global_colors_info=\u00a0\u00bb{}\u00a0\u00bb][et_pb_text _builder_version=\u00a0\u00bb4.7.1&Prime; _module_preset=\u00a0\u00bbdefault\u00a0\u00bb text_font=\u00a0\u00bb||||||||\u00a0\u00bb text_letter_spacing=\u00a0\u00bb5px\u00a0\u00bb header_text_align=\u00a0\u00bbcenter\u00a0\u00bb header_2_font=\u00a0\u00bb|600|||||||\u00a0\u00bb header_2_text_align=\u00a0\u00bbcenter\u00a0\u00bb header_2_text_color=\u00a0\u00bb#ffffff\u00a0\u00bb header_2_font_size=\u00a0\u00bb3vh\u00a0\u00bb background_color=\u00a0\u00bb#ea9823&Prime; width=\u00a0\u00bb100%\u00a0\u00bb max_width=\u00a0\u00bb40%\u00a0\u00bb max_width_tablet=\u00a0\u00bb80%\u00a0\u00bb max_width_phone=\u00a0\u00bb100%\u00a0\u00bb max_width_last_edited=\u00a0\u00bbon|desktop\u00a0\u00bb custom_margin=\u00a0\u00bb0px|0px|0px|0px|true|true\u00a0\u00bb custom_padding=\u00a0\u00bb30px|20px|30px|20px|true|true\u00a0\u00bb global_colors_info=\u00a0\u00bb{}\u00a0\u00bb]<\/p>\n<h2 class=\"font_0\"><span class=\"color_11\"><span>RATES<\/span><\/span><\/h2>\n<p>[\/et_pb_text][\/et_pb_column][\/et_pb_row][\/et_pb_section][et_pb_section fb_built=\u00a0\u00bb1&Prime; _builder_version=\u00a0\u00bb4.7.3&Prime; _module_preset=\u00a0\u00bbdefault\u00a0\u00bb background_color=\u00a0\u00bbrgba(114,114,114,0.13)\u00a0\u00bb custom_margin=\u00a0\u00bb||100px||false|false\u00a0\u00bb global_colors_info=\u00a0\u00bb{}\u00a0\u00bb][et_pb_row _builder_version=\u00a0\u00bb4.7.3&Prime; _module_preset=\u00a0\u00bbdefault\u00a0\u00bb global_colors_info=\u00a0\u00bb{}\u00a0\u00bb][et_pb_column type=\u00a0\u00bb4_4&Prime; _builder_version=\u00a0\u00bb4.7.3&Prime; _module_preset=\u00a0\u00bbdefault\u00a0\u00bb global_colors_info=\u00a0\u00bb{}\u00a0\u00bb][et_pb_pricing_tables _builder_version=\u00a0\u00bb4.7.3&Prime; _module_preset=\u00a0\u00bbdefault\u00a0\u00bb body_line_height=\u00a0\u00bb1em\u00a0\u00bb border_width_all=\u00a0\u00bb0px\u00a0\u00bb global_colors_info=\u00a0\u00bb{}\u00a0\u00bb][et_pb_pricing_table title=\u00a0\u00bbPremi\u00e8re consultation\u00a0\u00bb currency=\u00a0\u00bbCHF\u00a0\u00bb sum=\u00a0\u00bb130&Prime; bullet_color=\u00a0\u00bbrgba(0,0,0,0)\u00a0\u00bb header_background_color=\u00a0\u00bb#ea9823&Prime; _builder_version=\u00a0\u00bb4.7.3&Prime; _module_preset=\u00a0\u00bbdefault\u00a0\u00bb price_text_color=\u00a0\u00bb#ea9823&Prime; header_font=\u00a0\u00bb||||||||\u00a0\u00bb body_font_size=\u00a0\u00bb18px\u00a0\u00bb currency_frequency_font_size=\u00a0\u00bb25px\u00a0\u00bb text_orientation=\u00a0\u00bbcenter\u00a0\u00bb custom_padding=\u00a0\u00bb40px||40px||false|false\u00a0\u00bb hover_enabled=\u00a0\u00bb0&Prime; box_shadow_style=\u00a0\u00bbpreset3&Prime; global_colors_info=\u00a0\u00bb{}\u00a0\u00bb sticky_transition=\u00a0\u00bbon\u00a0\u00bb sticky_enabled=\u00a0\u00bb0&Prime;]<\/p>\n<p>Duration: 1 hour<\/p>\n<p>Anamnesis and treatment<\/p>\n<p>[\/et_pb_pricing_table][et_pb_pricing_table title=\u00a0\u00bbSuivi\u00a0\u00bb currency=\u00a0\u00bbCHF\u00a0\u00bb sum=\u00a0\u00bb120&Prime; bullet_color=\u00a0\u00bbrgba(0,0,0,0)\u00a0\u00bb header_background_color=\u00a0\u00bb#ea9823&Prime; _builder_version=\u00a0\u00bb4.7.3&Prime; _module_preset=\u00a0\u00bbdefault\u00a0\u00bb price_text_color=\u00a0\u00bb#ea9823&Prime; body_font_size=\u00a0\u00bb18px\u00a0\u00bb currency_frequency_font_size=\u00a0\u00bb25px\u00a0\u00bb text_orientation=\u00a0\u00bbcenter\u00a0\u00bb custom_padding=\u00a0\u00bb40px||40px||true|false\u00a0\u00bb box_shadow_style=\u00a0\u00bbpreset3&Prime; global_colors_info=\u00a0\u00bb{}\u00a0\u00bb sticky_transition=\u00a0\u00bbon\u00a0\u00bb]<\/p>\n<p>Duration: 45 minutes<\/p>\n<p>&nbsp;<\/p>\n<p>[\/et_pb_pricing_table][\/et_pb_pricing_tables][et_pb_text _builder_version=\u00a0\u00bb4.7.3&Prime; _module_preset=\u00a0\u00bbdefault\u00a0\u00bb text_font_size=\u00a0\u00bb18px\u00a0\u00bb global_colors_info=\u00a0\u00bb{}\u00a0\u00bb]<\/p>\n<p><strong><\/strong><\/p>\n<p><strong>Payment method:\u00a0<\/strong>Cash, TWINT<\/p>\n<p>Any appointment not cancelled 24 hours in advance will be charged.<\/p>\n<p>[\/et_pb_text][\/et_pb_column][\/et_pb_row][\/et_pb_section][et_pb_section fb_built=\u00a0\u00bb1&Prime; _builder_version=\u00a0\u00bb4.7.0&Prime; _module_preset=\u00a0\u00bbdefault\u00a0\u00bb custom_padding=\u00a0\u00bb||0px||false|false\u00a0\u00bb global_colors_info=\u00a0\u00bb{}\u00a0\u00bb][et_pb_row _builder_version=\u00a0\u00bb4.7.0&Prime; _module_preset=\u00a0\u00bbdefault\u00a0\u00bb custom_margin=\u00a0\u00bb0px|0px|0px|0px|true|true\u00a0\u00bb custom_padding=\u00a0\u00bb0px|0px|0px|0px|true|true\u00a0\u00bb global_colors_info=\u00a0\u00bb{}\u00a0\u00bb][et_pb_column type=\u00a0\u00bb4_4&Prime; _builder_version=\u00a0\u00bb4.7.0&Prime; _module_preset=\u00a0\u00bbdefault\u00a0\u00bb global_colors_info=\u00a0\u00bb{}\u00a0\u00bb][et_pb_text _builder_version=\u00a0\u00bb4.10.6&Prime; _module_preset=\u00a0\u00bbdefault\u00a0\u00bb text_font=\u00a0\u00bb||||||||\u00a0\u00bb text_letter_spacing=\u00a0\u00bb3px\u00a0\u00bb header_text_align=\u00a0\u00bbcenter\u00a0\u00bb header_2_font=\u00a0\u00bb|600|||||||\u00a0\u00bb header_2_text_align=\u00a0\u00bbcenter\u00a0\u00bb header_2_text_color=\u00a0\u00bb#ffffff\u00a0\u00bb header_2_font_size=\u00a0\u00bb3vh\u00a0\u00bb background_color=\u00a0\u00bb#ea9823&Prime; width=\u00a0\u00bb100%\u00a0\u00bb max_width=\u00a0\u00bb40%\u00a0\u00bb max_width_tablet=\u00a0\u00bb80%\u00a0\u00bb max_width_phone=\u00a0\u00bb100%\u00a0\u00bb max_width_last_edited=\u00a0\u00bbon|desktop\u00a0\u00bb custom_margin=\u00a0\u00bb0px|0px|0px|0px|true|true\u00a0\u00bb custom_padding=\u00a0\u00bb30px|20px|30px|20px|true|true\u00a0\u00bb hover_enabled=\u00a0\u00bb0&Prime; global_colors_info=\u00a0\u00bb{}\u00a0\u00bb sticky_enabled=\u00a0\u00bb0&Prime;]<\/p>\n<h2 class=\"font_0\"><span class=\"color_11\"><span>REFUNDS<\/span><\/span><\/h2>\n<p>[\/et_pb_text][\/et_pb_column][\/et_pb_row][\/et_pb_section][et_pb_section fb_built=\u00a0\u00bb1&Prime; _builder_version=\u00a0\u00bb4.7.3&Prime; _module_preset=\u00a0\u00bbdefault\u00a0\u00bb background_color=\u00a0\u00bbrgba(114,114,114,0.13)\u00a0\u00bb global_colors_info=\u00a0\u00bb{}\u00a0\u00bb][et_pb_row _builder_version=\u00a0\u00bb4.7.3&Prime; _module_preset=\u00a0\u00bbdefault\u00a0\u00bb global_colors_info=\u00a0\u00bb{}\u00a0\u00bb][et_pb_column type=\u00a0\u00bb4_4&Prime; _builder_version=\u00a0\u00bb4.7.3&Prime; _module_preset=\u00a0\u00bbdefault\u00a0\u00bb global_colors_info=\u00a0\u00bb{}\u00a0\u00bb][et_pb_text _builder_version=\u00a0\u00bb4.7.3&Prime; _module_preset=\u00a0\u00bbdefault\u00a0\u00bb text_font_size=\u00a0\u00bb18px\u00a0\u00bb text_orientation=\u00a0\u00bbcenter\u00a0\u00bb max_width=\u00a0\u00bb650px\u00a0\u00bb module_alignment=\u00a0\u00bbcenter\u00a0\u00bb global_colors_info=\u00a0\u00bb{}\u00a0\u00bb]<\/p>\n<p>Osteopathy is a first-line medicine that does not require a prescription unless your insurance requires it.<\/p>\n<p>It is partially covered by supplementary insurance.<\/p>\n<p>RME recognition, Visana.<\/p>\n<p>Please check with your insurance company beforehand<\/p>\n<p>[\/et_pb_text][\/et_pb_column][\/et_pb_row][\/et_pb_section]<\/p>","protected":false},"excerpt":{"rendered":"<p>TARIFSDur\u00e9e : 1 heure \u00c9tablissement de l\u2019anamn\u00e8se et traitementDur\u00e9e : 45 minutes &nbsp; Mode de paiement :\u00a0Cash, TWINT Tout rendez-vous non annul\u00e9 24h \u00e0 l\u2019avance vous sera factur\u00e9.REMBOURSEMENTSL\u2019ost\u00e9opathie est une m\u00e9decine de premi\u00e8re intention ne n\u00e9cessitant pas d\u2019ordonnance m\u00e9dicale, sauf si votre assurance le demande. Elle est prise en charge partiellement par l\u2019assurance compl\u00e9mentaire. Reconnaissance [&hellip;]<\/p>","protected":false},"author":1,"featured_media":0,"parent":0,"menu_order":0,"comment_status":"closed","ping_status":"closed","template":"","meta":{"_et_pb_use_builder":"on","_et_pb_old_content":"","_et_gb_content_width":""},"yoast_head":"<!-- This site is optimized with the Yoast SEO plugin v17.0 - https:\/\/yoast.com\/wordpress\/plugins\/seo\/ -->\n<title>Rates - Ost\u00e9opathie Vergers<\/title>\n<meta name=\"robots\" content=\"index, follow, max-snippet:-1, max-image-preview:large, max-video-preview:-1\" \/>\n<link rel=\"canonical\" href=\"https:\/\/osteo-meyrin.ch\/en\/rates\/\" \/>\n<meta property=\"og:locale\" content=\"en_GB\" \/>\n<meta property=\"og:type\" content=\"article\" \/>\n<meta property=\"og:title\" content=\"Rates - Ost\u00e9opathie Vergers\" \/>\n<meta property=\"og:description\" content=\"TARIFSDur\u00e9e : 1 heure \u00c9tablissement de l\u2019anamn\u00e8se et traitementDur\u00e9e : 45 minutes &nbsp; Mode de paiement :\u00a0Cash, TWINT Tout rendez-vous non annul\u00e9 24h \u00e0 l\u2019avance vous sera factur\u00e9.REMBOURSEMENTSL\u2019ost\u00e9opathie est une m\u00e9decine de premi\u00e8re intention ne n\u00e9cessitant pas d\u2019ordonnance m\u00e9dicale, sauf si votre assurance le demande. Elle est prise en charge partiellement par l\u2019assurance compl\u00e9mentaire. Reconnaissance [&hellip;]\" \/>\n<meta property=\"og:url\" content=\"https:\/\/osteo-meyrin.ch\/en\/rates\/\" \/>\n<meta property=\"og:site_name\" content=\"Ost\u00e9opathie Vergers\" \/>\n<meta property=\"article:modified_time\" content=\"2022-02-10T10:36:03+00:00\" \/>\n<meta name=\"twitter:card\" content=\"summary_large_image\" \/>\n<meta name=\"twitter:label1\" content=\"Estimated reading time\" \/>\n\t<meta name=\"twitter:data1\" content=\"3 minutes\" \/>\n<script type=\"application\/ld+json\" class=\"yoast-schema-graph\">{\"@context\":\"https:\/\/schema.org\",\"@graph\":[{\"@type\":\"WebSite\",\"@id\":\"https:\/\/osteo-meyrin.ch\/#website\",\"url\":\"https:\/\/osteo-meyrin.ch\/\",\"name\":\"Ost\\u00e9opathie Vergers\",\"description\":\"Cindy Sch\\u00e4r\",\"potentialAction\":[{\"@type\":\"SearchAction\",\"target\":{\"@type\":\"EntryPoint\",\"urlTemplate\":\"https:\/\/osteo-meyrin.ch\/?s={search_term_string}\"},\"query-input\":\"required name=search_term_string\"}],\"inLanguage\":\"en-GB\"},{\"@type\":\"WebPage\",\"@id\":\"https:\/\/osteo-meyrin.ch\/rates\/#webpage\",\"url\":\"https:\/\/osteo-meyrin.ch\/rates\/\",\"name\":\"Rates - Ost\\u00e9opathie Vergers\",\"isPartOf\":{\"@id\":\"https:\/\/osteo-meyrin.ch\/#website\"},\"datePublished\":\"2020-11-06T16:04:15+00:00\",\"dateModified\":\"2022-02-10T10:36:03+00:00\",\"breadcrumb\":{\"@id\":\"https:\/\/osteo-meyrin.ch\/rates\/#breadcrumb\"},\"inLanguage\":\"en-GB\",\"potentialAction\":[{\"@type\":\"ReadAction\",\"target\":[\"https:\/\/osteo-meyrin.ch\/rates\/\"]}]},{\"@type\":\"BreadcrumbList\",\"@id\":\"https:\/\/osteo-meyrin.ch\/rates\/#breadcrumb\",\"itemListElement\":[{\"@type\":\"ListItem\",\"position\":1,\"name\":\"Home\",\"item\":\"https:\/\/osteo-meyrin.ch\/\"},{\"@type\":\"ListItem\",\"position\":2,\"name\":\"Rates\"}]}]}<\/script>\n<!-- \/ Yoast SEO plugin. -->","yoast_head_json":{"title":"Rates - Ost\u00e9opathie Vergers","robots":{"index":"index","follow":"follow","max-snippet":"max-snippet:-1","max-image-preview":"max-image-preview:large","max-video-preview":"max-video-preview:-1"},"canonical":"https:\/\/osteo-meyrin.ch\/en\/rates\/","og_locale":"en_GB","og_type":"article","og_title":"Rates - Ost\u00e9opathie Vergers","og_description":"TARIFSDur\u00e9e : 1 heure \u00c9tablissement de l\u2019anamn\u00e8se et traitementDur\u00e9e : 45 minutes &nbsp; Mode de paiement :\u00a0Cash, TWINT Tout rendez-vous non annul\u00e9 24h \u00e0 l\u2019avance vous sera factur\u00e9.REMBOURSEMENTSL\u2019ost\u00e9opathie est une m\u00e9decine de premi\u00e8re intention ne n\u00e9cessitant pas d\u2019ordonnance m\u00e9dicale, sauf si votre assurance le demande. Elle est prise en charge partiellement par l\u2019assurance compl\u00e9mentaire. Reconnaissance [&hellip;]","og_url":"https:\/\/osteo-meyrin.ch\/en\/rates\/","og_site_name":"Ost\u00e9opathie Vergers","article_modified_time":"2022-02-10T10:36:03+00:00","twitter_card":"summary_large_image","twitter_misc":{"Estimated reading time":"3 minutes"},"schema":{"@context":"https:\/\/schema.org","@graph":[{"@type":"WebSite","@id":"https:\/\/osteo-meyrin.ch\/#website","url":"https:\/\/osteo-meyrin.ch\/","name":"Ost\u00e9opathie Vergers","description":"Cindy Sch\u00e4r","potentialAction":[{"@type":"SearchAction","target":{"@type":"EntryPoint","urlTemplate":"https:\/\/osteo-meyrin.ch\/?s={search_term_string}"},"query-input":"required name=search_term_string"}],"inLanguage":"en-GB"},{"@type":"WebPage","@id":"https:\/\/osteo-meyrin.ch\/rates\/#webpage","url":"https:\/\/osteo-meyrin.ch\/rates\/","name":"Rates - Ost\u00e9opathie Vergers","isPartOf":{"@id":"https:\/\/osteo-meyrin.ch\/#website"},"datePublished":"2020-11-06T16:04:15+00:00","dateModified":"2022-02-10T10:36:03+00:00","breadcrumb":{"@id":"https:\/\/osteo-meyrin.ch\/rates\/#breadcrumb"},"inLanguage":"en-GB","potentialAction":[{"@type":"ReadAction","target":["https:\/\/osteo-meyrin.ch\/rates\/"]}]},{"@type":"BreadcrumbList","@id":"https:\/\/osteo-meyrin.ch\/rates\/#breadcrumb","itemListElement":[{"@type":"ListItem","position":1,"name":"Home","item":"https:\/\/osteo-meyrin.ch\/"},{"@type":"ListItem","position":2,"name":"Rates"}]}]}},"_links":{"self":[{"href":"https:\/\/osteo-meyrin.ch\/en\/wp-json\/wp\/v2\/pages\/105"}],"collection":[{"href":"https:\/\/osteo-meyrin.ch\/en\/wp-json\/wp\/v2\/pages"}],"about":[{"href":"https:\/\/osteo-meyrin.ch\/en\/wp-json\/wp\/v2\/types\/page"}],"author":[{"embeddable":true,"href":"https:\/\/osteo-meyrin.ch\/en\/wp-json\/wp\/v2\/users\/1"}],"replies":[{"embeddable":true,"href":"https:\/\/osteo-meyrin.ch\/en\/wp-json\/wp\/v2\/comments?post=105"}],"version-history":[{"count":6,"href":"https:\/\/osteo-meyrin.ch\/en\/wp-json\/wp\/v2\/pages\/105\/revisions"}],"predecessor-version":[{"id":835,"href":"https:\/\/osteo-meyrin.ch\/en\/wp-json\/wp\/v2\/pages\/105\/revisions\/835"}],"wp:attachment":[{"href":"https:\/\/osteo-meyrin.ch\/en\/wp-json\/wp\/v2\/media?parent=105"}],"curies":[{"name":"wp","href":"https:\/\/api.w.org\/{rel}","templated":true}]}}