{"id":109,"date":"2020-11-06T17:05:24","date_gmt":"2020-11-06T16:05:24","guid":{"rendered":"https:\/\/osteo-meyrin.ch\/?page_id=109"},"modified":"2022-02-10T11:30:21","modified_gmt":"2022-02-10T10:30:21","slug":"contact","status":"publish","type":"page","link":"https:\/\/osteo-meyrin.ch\/en\/contact\/","title":{"rendered":"Contact"},"content":{"rendered":"<p>[et_pb_section fb_built=\u00a0\u00bb1&Prime; _builder_version=\u00a0\u00bb4.7.0&Prime; _module_preset=\u00a0\u00bbdefault\u00a0\u00bb custom_padding=\u00a0\u00bb||0px||false|false\u00a0\u00bb global_colors_info=\u00a0\u00bb{}\u00a0\u00bb][et_pb_row _builder_version=\u00a0\u00bb4.7.0&Prime; _module_preset=\u00a0\u00bbdefault\u00a0\u00bb custom_margin=\u00a0\u00bb0px|0px|0px|0px|true|true\u00a0\u00bb custom_padding=\u00a0\u00bb0px|0px|0px|0px|true|true\u00a0\u00bb global_colors_info=\u00a0\u00bb{}\u00a0\u00bb][et_pb_column type=\u00a0\u00bb4_4&Prime; _builder_version=\u00a0\u00bb4.7.0&Prime; _module_preset=\u00a0\u00bbdefault\u00a0\u00bb global_colors_info=\u00a0\u00bb{}\u00a0\u00bb][et_pb_text _builder_version=\u00a0\u00bb4.7.1&Prime; _module_preset=\u00a0\u00bbdefault\u00a0\u00bb text_font=\u00a0\u00bb||||||||\u00a0\u00bb text_letter_spacing=\u00a0\u00bb5px\u00a0\u00bb header_text_align=\u00a0\u00bbcenter\u00a0\u00bb header_2_font=\u00a0\u00bb|600|||||||\u00a0\u00bb header_2_text_align=\u00a0\u00bbcenter\u00a0\u00bb header_2_text_color=\u00a0\u00bb#ffffff\u00a0\u00bb header_2_font_size=\u00a0\u00bb3vh\u00a0\u00bb background_color=\u00a0\u00bb#ea9823&Prime; width=\u00a0\u00bb100%\u00a0\u00bb max_width=\u00a0\u00bb40%\u00a0\u00bb max_width_tablet=\u00a0\u00bb80%\u00a0\u00bb max_width_phone=\u00a0\u00bb100%\u00a0\u00bb max_width_last_edited=\u00a0\u00bbon|desktop\u00a0\u00bb custom_margin=\u00a0\u00bb0px|0px|0px|0px|true|true\u00a0\u00bb custom_padding=\u00a0\u00bb30px|20px|30px|20px|true|true\u00a0\u00bb global_colors_info=\u00a0\u00bb{}\u00a0\u00bb]<\/p>\n<h2 class=\"font_0\"><span class=\"color_11\"><span>CONTACT US<\/span><\/span><\/h2>\n<p>[\/et_pb_text][\/et_pb_column][\/et_pb_row][\/et_pb_section][et_pb_section fb_built=\u00a0\u00bb1&Prime; inner_shadow=\u00a0\u00bbon\u00a0\u00bb _builder_version=\u00a0\u00bb4.8.1&Prime; _module_preset=\u00a0\u00bbdefault\u00a0\u00bb background_color=\u00a0\u00bb#D9D7CB\u00a0\u00bb custom_margin=\u00a0\u00bb||0px||false|false\u00a0\u00bb global_colors_info=\u00a0\u00bb{}\u00a0\u00bb][et_pb_row _builder_version=\u00a0\u00bb4.8.1&Prime; _module_preset=\u00a0\u00bbdefault\u00a0\u00bb global_colors_info=\u00a0\u00bb{}\u00a0\u00bb][et_pb_column type=\u00a0\u00bb4_4&Prime; _builder_version=\u00a0\u00bb4.8.1&Prime; _module_preset=\u00a0\u00bbdefault\u00a0\u00bb global_colors_info=\u00a0\u00bb{}\u00a0\u00bb][et_pb_text _builder_version=\u00a0\u00bb4.8.1&Prime; _module_preset=\u00a0\u00bbdefault\u00a0\u00bb text_font_size=\u00a0\u00bb18px\u00a0\u00bb header_2_font_size=\u00a0\u00bb30px\u00a0\u00bb global_colors_info=\u00a0\u00bb{}\u00a0\u00bb]<\/p>\n<h2 style=\"text-align: center;\">Questions?<\/h2>\n<p>&nbsp;<\/p>\n<h2 style=\"text-align: center;\"><strong>+41 (0) 78 233 79 30<\/strong><\/h2>\n<p>[\/et_pb_text][\/et_pb_column][\/et_pb_row][et_pb_row _builder_version=\u00a0\u00bb4.8.1&Prime; _module_preset=\u00a0\u00bbdefault\u00a0\u00bb global_colors_info=\u00a0\u00bb{}\u00a0\u00bb][et_pb_column type=\u00a0\u00bb4_4&Prime; _builder_version=\u00a0\u00bb4.8.1&Prime; _module_preset=\u00a0\u00bbdefault\u00a0\u00bb global_colors_info=\u00a0\u00bb{}\u00a0\u00bb][et_pb_divider color=\u00a0\u00bb#000000&Prime; _builder_version=\u00a0\u00bb4.8.1&Prime; _module_preset=\u00a0\u00bbdefault\u00a0\u00bb global_colors_info=\u00a0\u00bb{}\u00a0\u00bb][\/et_pb_divider][\/et_pb_column][\/et_pb_row][et_pb_row _builder_version=\u00a0\u00bb4.8.1&Prime; _module_preset=\u00a0\u00bbdefault\u00a0\u00bb global_colors_info=\u00a0\u00bb{}\u00a0\u00bb][et_pb_column type=\u00a0\u00bb4_4&Prime; _builder_version=\u00a0\u00bb4.8.1&Prime; _module_preset=\u00a0\u00bbdefault\u00a0\u00bb global_colors_info=\u00a0\u00bb{}\u00a0\u00bb][et_pb_text _builder_version=\u00a0\u00bb4.8.1&Prime; _module_preset=\u00a0\u00bbdefault\u00a0\u00bb header_2_font_size=\u00a0\u00bb30px\u00a0\u00bb global_colors_info=\u00a0\u00bb{}\u00a0\u00bb]<\/p>\n<h2 style=\"text-align: center;\">How to get there?<\/h2>\n<p>[\/et_pb_text][\/et_pb_column][\/et_pb_row][et_pb_row _builder_version=\u00a0\u00bb4.8.1&Prime; _module_preset=\u00a0\u00bbdefault\u00a0\u00bb global_colors_info=\u00a0\u00bb{}\u00a0\u00bb][et_pb_column type=\u00a0\u00bb4_4&Prime; _builder_version=\u00a0\u00bb4.8.1&Prime; _module_preset=\u00a0\u00bbdefault\u00a0\u00bb global_colors_info=\u00a0\u00bb{}\u00a0\u00bb][et_pb_tabs _builder_version=\u00a0\u00bb4.10.6&Prime; _module_preset=\u00a0\u00bbdefault\u00a0\u00bb body_font_size=\u00a0\u00bb18px\u00a0\u00bb tab_font_size=\u00a0\u00bb18px\u00a0\u00bb global_colors_info=\u00a0\u00bb{}\u00a0\u00bb][et_pb_tab title=\u00a0\u00bbVoiture\u00a0\u00bb _builder_version=\u00a0\u00bb4.10.6&Prime; _module_preset=\u00a0\u00bbdefault\u00a0\u00bb global_colors_info=\u00a0\u00bb{}\u00a0\u00bb]<\/p>\n<p>Acc\u00e8s direct par le Parking des Arb\u00e8res, derni\u00e8re sortie.<\/p>\n<p>[\/et_pb_tab][et_pb_tab title=\u00a0\u00bbBus\u00a0\u00bb _builder_version=\u00a0\u00bb4.8.1&Prime; _module_preset=\u00a0\u00bbdefault\u00a0\u00bb global_colors_info=\u00a0\u00bb{}\u00a0\u00bb]<\/p>\n<p>Bus 57: \"Vernes\" stop, 300m on foot.<\/p>\n<p>[\/et_pb_tab][et_pb_tab title=\u00a0\u00bbTram\u00a0\u00bb _builder_version=\u00a0\u00bb4.8.1&Prime; _module_preset=\u00a0\u00bbdefault\u00a0\u00bb global_colors_info=\u00a0\u00bb{}\u00a0\u00bb]<\/p>\n<ul>\n<li>Tram 14: \u201cVaudagne\u201d stop, 720m on foot.<\/li>\n<li>Tram 18: \u201cMeyrin-Village\u201d stop, 470m on foot.<\/li>\n<\/ul>\n<p>[\/et_pb_tab][\/et_pb_tabs][\/et_pb_column][\/et_pb_row][\/et_pb_section]<\/p>","protected":false},"excerpt":{"rendered":"<p>NOUS CONTACTERDes questions ? &nbsp; +41 (0) 78 233 79 30Comment y acc\u00e8der ?Acc\u00e8s direct par le Parking des Arb\u00e8res, derni\u00e8re sortie.Bus 57: arr\u00eat \u00ab\u00a0Vernes\u00a0\u00bb, 300m \u00e0 pieds. Tram 14: arr\u00eat \u00ab\u00a0Vaudagne\u00a0\u00bb, 720m \u00e0 pieds. Tram 18: arr\u00eat \u00ab\u00a0Meyrin-Village\u00a0\u00bb, 470m \u00e0 pieds.<\/p>","protected":false},"author":1,"featured_media":0,"parent":0,"menu_order":0,"comment_status":"closed","ping_status":"closed","template":"","meta":{"_et_pb_use_builder":"on","_et_pb_old_content":"","_et_gb_content_width":""},"yoast_head":"<!-- This site is optimized with the Yoast SEO plugin v17.0 - https:\/\/yoast.com\/wordpress\/plugins\/seo\/ -->\n<title>Contact - Ost\u00e9opathie Vergers<\/title>\n<meta name=\"robots\" content=\"index, follow, max-snippet:-1, max-image-preview:large, max-video-preview:-1\" \/>\n<link rel=\"canonical\" href=\"https:\/\/osteo-meyrin.ch\/en\/contact\/\" \/>\n<meta property=\"og:locale\" content=\"en_GB\" \/>\n<meta property=\"og:type\" content=\"article\" \/>\n<meta property=\"og:title\" content=\"Contact - Ost\u00e9opathie Vergers\" \/>\n<meta property=\"og:description\" content=\"NOUS CONTACTERDes questions ? &nbsp; +41 (0) 78 233 79 30Comment y acc\u00e8der ?Acc\u00e8s direct par le Parking des Arb\u00e8res, derni\u00e8re sortie.Bus 57: arr\u00eat &quot;Vernes&quot;, 300m \u00e0 pieds. Tram 14: arr\u00eat &quot;Vaudagne&quot;, 720m \u00e0 pieds. Tram 18: arr\u00eat &quot;Meyrin-Village&quot;, 470m \u00e0 pieds.\" \/>\n<meta property=\"og:url\" content=\"https:\/\/osteo-meyrin.ch\/en\/contact\/\" \/>\n<meta property=\"og:site_name\" content=\"Ost\u00e9opathie Vergers\" \/>\n<meta property=\"article:modified_time\" content=\"2022-02-10T10:30:21+00:00\" \/>\n<meta name=\"twitter:card\" content=\"summary_large_image\" \/>\n<meta name=\"twitter:label1\" content=\"Estimated reading time\" \/>\n\t<meta name=\"twitter:data1\" content=\"2 minutes\" \/>\n<script type=\"application\/ld+json\" class=\"yoast-schema-graph\">{\"@context\":\"https:\/\/schema.org\",\"@graph\":[{\"@type\":\"WebSite\",\"@id\":\"https:\/\/osteo-meyrin.ch\/#website\",\"url\":\"https:\/\/osteo-meyrin.ch\/\",\"name\":\"Ost\\u00e9opathie Vergers\",\"description\":\"Cindy Sch\\u00e4r\",\"potentialAction\":[{\"@type\":\"SearchAction\",\"target\":{\"@type\":\"EntryPoint\",\"urlTemplate\":\"https:\/\/osteo-meyrin.ch\/?s={search_term_string}\"},\"query-input\":\"required name=search_term_string\"}],\"inLanguage\":\"en-GB\"},{\"@type\":\"WebPage\",\"@id\":\"https:\/\/osteo-meyrin.ch\/contact\/#webpage\",\"url\":\"https:\/\/osteo-meyrin.ch\/contact\/\",\"name\":\"Contact - Ost\\u00e9opathie Vergers\",\"isPartOf\":{\"@id\":\"https:\/\/osteo-meyrin.ch\/#website\"},\"datePublished\":\"2020-11-06T16:05:24+00:00\",\"dateModified\":\"2022-02-10T10:30:21+00:00\",\"breadcrumb\":{\"@id\":\"https:\/\/osteo-meyrin.ch\/contact\/#breadcrumb\"},\"inLanguage\":\"en-GB\",\"potentialAction\":[{\"@type\":\"ReadAction\",\"target\":[\"https:\/\/osteo-meyrin.ch\/contact\/\"]}]},{\"@type\":\"BreadcrumbList\",\"@id\":\"https:\/\/osteo-meyrin.ch\/contact\/#breadcrumb\",\"itemListElement\":[{\"@type\":\"ListItem\",\"position\":1,\"name\":\"Home\",\"item\":\"https:\/\/osteo-meyrin.ch\/\"},{\"@type\":\"ListItem\",\"position\":2,\"name\":\"Contact\"}]}]}<\/script>\n<!-- \/ Yoast SEO plugin. -->","yoast_head_json":{"title":"Contact - Ost\u00e9opathie Vergers","robots":{"index":"index","follow":"follow","max-snippet":"max-snippet:-1","max-image-preview":"max-image-preview:large","max-video-preview":"max-video-preview:-1"},"canonical":"https:\/\/osteo-meyrin.ch\/en\/contact\/","og_locale":"en_GB","og_type":"article","og_title":"Contact - Ost\u00e9opathie Vergers","og_description":"NOUS CONTACTERDes questions ? &nbsp; +41 (0) 78 233 79 30Comment y acc\u00e8der ?Acc\u00e8s direct par le Parking des Arb\u00e8res, derni\u00e8re sortie.Bus 57: arr\u00eat \"Vernes\", 300m \u00e0 pieds. Tram 14: arr\u00eat \"Vaudagne\", 720m \u00e0 pieds. Tram 18: arr\u00eat \"Meyrin-Village\", 470m \u00e0 pieds.","og_url":"https:\/\/osteo-meyrin.ch\/en\/contact\/","og_site_name":"Ost\u00e9opathie Vergers","article_modified_time":"2022-02-10T10:30:21+00:00","twitter_card":"summary_large_image","twitter_misc":{"Estimated reading time":"2 minutes"},"schema":{"@context":"https:\/\/schema.org","@graph":[{"@type":"WebSite","@id":"https:\/\/osteo-meyrin.ch\/#website","url":"https:\/\/osteo-meyrin.ch\/","name":"Ost\u00e9opathie Vergers","description":"Cindy Sch\u00e4r","potentialAction":[{"@type":"SearchAction","target":{"@type":"EntryPoint","urlTemplate":"https:\/\/osteo-meyrin.ch\/?s={search_term_string}"},"query-input":"required name=search_term_string"}],"inLanguage":"en-GB"},{"@type":"WebPage","@id":"https:\/\/osteo-meyrin.ch\/contact\/#webpage","url":"https:\/\/osteo-meyrin.ch\/contact\/","name":"Contact - Ost\u00e9opathie Vergers","isPartOf":{"@id":"https:\/\/osteo-meyrin.ch\/#website"},"datePublished":"2020-11-06T16:05:24+00:00","dateModified":"2022-02-10T10:30:21+00:00","breadcrumb":{"@id":"https:\/\/osteo-meyrin.ch\/contact\/#breadcrumb"},"inLanguage":"en-GB","potentialAction":[{"@type":"ReadAction","target":["https:\/\/osteo-meyrin.ch\/contact\/"]}]},{"@type":"BreadcrumbList","@id":"https:\/\/osteo-meyrin.ch\/contact\/#breadcrumb","itemListElement":[{"@type":"ListItem","position":1,"name":"Home","item":"https:\/\/osteo-meyrin.ch\/"},{"@type":"ListItem","position":2,"name":"Contact"}]}]}},"_links":{"self":[{"href":"https:\/\/osteo-meyrin.ch\/en\/wp-json\/wp\/v2\/pages\/109"}],"collection":[{"href":"https:\/\/osteo-meyrin.ch\/en\/wp-json\/wp\/v2\/pages"}],"about":[{"href":"https:\/\/osteo-meyrin.ch\/en\/wp-json\/wp\/v2\/types\/page"}],"author":[{"embeddable":true,"href":"https:\/\/osteo-meyrin.ch\/en\/wp-json\/wp\/v2\/users\/1"}],"replies":[{"embeddable":true,"href":"https:\/\/osteo-meyrin.ch\/en\/wp-json\/wp\/v2\/comments?post=109"}],"version-history":[{"count":6,"href":"https:\/\/osteo-meyrin.ch\/en\/wp-json\/wp\/v2\/pages\/109\/revisions"}],"predecessor-version":[{"id":834,"href":"https:\/\/osteo-meyrin.ch\/en\/wp-json\/wp\/v2\/pages\/109\/revisions\/834"}],"wp:attachment":[{"href":"https:\/\/osteo-meyrin.ch\/en\/wp-json\/wp\/v2\/media?parent=109"}],"curies":[{"name":"wp","href":"https:\/\/api.w.org\/{rel}","templated":true}]}}